{"id":25,"date":"2016-09-18T14:37:25","date_gmt":"2016-09-18T12:37:25","guid":{"rendered":"http:\/\/www.mirevaltrail.fr\/gardiole\/?page_id=25"},"modified":"2026-01-26T14:06:01","modified_gmt":"2026-01-26T13:06:01","slug":"accueil","status":"publish","type":"page","link":"http:\/\/www.mirevaltrail.fr\/gardiole\/","title":{"rendered":""},"content":{"rendered":"<h1 style=\"text-align: center;\"><span style=\"color: #993366;\"><em><span style=\"color: #a71ed9;\">Trail<\/span> <span style=\"color: #a71ed9;\">de Mireval &#8211; 12\u00e8me \u00e9dition<\/span><\/em><\/span><\/h1>\n<p style=\"text-align: center;\"><span style=\"color: #a71ed9;\"><strong>Dimanche 1er f\u00e9vrier 2026<\/strong><\/span><\/p>\n<hr \/>\n<h3 style=\"text-align: center;\"><strong>Nous avons d\u00e9j\u00e0 battu notre record du nombre d&rsquo;inscrits.<br \/>\nAttention, Il ne reste plus beaucoup de places !<\/strong><\/h3>\n<p style=\"text-align: center;\"><strong><span style=\"color: #a71ed9;\">RENDEZ-VOUS DIMANCHE 1er FEVRIER POUR UNE BELLE EDITION SUR LE PARKING DU CENTRE CULTUREL LEO MALET<\/span><\/strong><\/p>\n<p style=\"text-align: center;\"><strong>Pour ceux qui le d\u00e9couvrent, le trail de Mireval, c&rsquo;est :<\/strong><\/p>\n<p style=\"text-align: center;\"><strong>un \u00e9v\u00e9nement convivial avec barbecue g\u00e9ant,<br \/>\nune bi\u00e8re offerte \u00e0 tous les coureurs,<\/strong><br \/>\n<strong>des courses enfants,<br \/>\nune randonn\u00e9e gourmande,<br \/>\nun animateur DJ et une mascotte,<br \/>\n<\/strong><br \/>\n<strong>et surtout des parcours magnifiques !<\/strong><\/p>\n<p style=\"text-align: center;\">Consultez le Road Book en cliquant sur l&rsquo;image<\/p>\n<p><a href=\"https:\/\/www.calameo.com\/read\/00814006416f37573cac1\"><img loading=\"lazy\" class=\" wp-image-2965 aligncenter\" src=\"http:\/\/www.mirevaltrail.fr\/gardiole\/wp-content\/uploads\/2026\/01\/Road-Book-du-coureur-300x212.png\" alt=\"\" width=\"499\" height=\"352\" srcset=\"http:\/\/www.mirevaltrail.fr\/gardiole\/wp-content\/uploads\/2026\/01\/Road-Book-du-coureur-300x212.png 300w, http:\/\/www.mirevaltrail.fr\/gardiole\/wp-content\/uploads\/2026\/01\/Road-Book-du-coureur-1024x724.png 1024w, http:\/\/www.mirevaltrail.fr\/gardiole\/wp-content\/uploads\/2026\/01\/Road-Book-du-coureur-768x543.png 768w, http:\/\/www.mirevaltrail.fr\/gardiole\/wp-content\/uploads\/2026\/01\/Road-Book-du-coureur-1536x1086.png 1536w, http:\/\/www.mirevaltrail.fr\/gardiole\/wp-content\/uploads\/2026\/01\/Road-Book-du-coureur.png 2000w\" sizes=\"(max-width: 499px) 100vw, 499px\" \/><\/a><\/p>\n<p style=\"text-align: center;\">Instagram : <a href=\"https:\/\/www.instagram.com\/mirevaltrail\/\">mirevaltrail<\/a><br \/>\nFacebook : <a href=\"https:\/\/www.facebook.com\/mirevaltrail\">Trail de Mireval<\/a><\/p>\n<p style=\"text-align: center;\"><span style=\"color: #a71ed9;\"><strong>Les courses:\u00a0<\/strong><\/span><\/p>\n<p style=\"text-align: center; padding-left: 40px;\"><strong>8h : 28 km La Grande Travers\u00e9e<br \/>\n8h10 : 9 km Randonn\u00e9e<br \/>\n9h40 : 8 km La Mirevalaise<br \/>\n10h : 17 km La Gardiole<\/strong><\/p>\n<p style=\"text-align: center; padding-left: 40px;\"><strong>11h15 : Course Kid 1 (2017 \u00e0 2019)<br \/>\n11h30 : Course Kid 2 (2015 et 2016)<br \/>\n11h45 : Course Kid 3 (2013 et 2014)<br \/>\n<\/strong><\/p>\n<p style=\"text-align: center;\"><span style=\"color: #ff0000;\"><strong><span style=\"color: #a71ed9;\">Les inscriptions :<\/span>\u00a0<\/strong><\/span><br \/>\n<a href=\"https:\/\/ats-sport.com\/epreuve.php?id_epreuve=8859&amp;course=trail-mireval\"><strong>ATS-SPORT | TRAIL MIREVAL<\/strong><\/a><\/p>\n<p style=\"text-align: center;\"><span style=\"color: #ff0000;\"><strong><span style=\"color: #a71ed9;\">Retrait<\/span> <span style=\"color: #a71ed9;\">des dossards :\u00a0<\/span><\/strong><\/span><\/p>\n<p style=\"text-align: center;\"><strong><em>Samedi\u00a0 de 15h30 \u00e0 18h30<\/em><\/strong><br \/>\n<strong><em>Dimanche \u00e0 partir de 7h<\/em><\/strong><br \/>\n<em>Au centre culturel L\u00e9o Malet<\/em><\/p>\n","protected":false},"excerpt":{"rendered":"<p>Trail de Mireval &#8211; 12\u00e8me \u00e9dition Dimanche 1er f\u00e9vrier 2026 Nous avons d\u00e9j\u00e0 battu notre record du nombre d&rsquo;inscrits. Attention,<\/p>\n","protected":false},"author":1,"featured_media":0,"parent":0,"menu_order":0,"comment_status":"closed","ping_status":"closed","template":"","meta":[],"_links":{"self":[{"href":"http:\/\/www.mirevaltrail.fr\/gardiole\/wp-json\/wp\/v2\/pages\/25"}],"collection":[{"href":"http:\/\/www.mirevaltrail.fr\/gardiole\/wp-json\/wp\/v2\/pages"}],"about":[{"href":"http:\/\/www.mirevaltrail.fr\/gardiole\/wp-json\/wp\/v2\/types\/page"}],"author":[{"embeddable":true,"href":"http:\/\/www.mirevaltrail.fr\/gardiole\/wp-json\/wp\/v2\/users\/1"}],"replies":[{"embeddable":true,"href":"http:\/\/www.mirevaltrail.fr\/gardiole\/wp-json\/wp\/v2\/comments?post=25"}],"version-history":[{"count":89,"href":"http:\/\/www.mirevaltrail.fr\/gardiole\/wp-json\/wp\/v2\/pages\/25\/revisions"}],"predecessor-version":[{"id":2968,"href":"http:\/\/www.mirevaltrail.fr\/gardiole\/wp-json\/wp\/v2\/pages\/25\/revisions\/2968"}],"wp:attachment":[{"href":"http:\/\/www.mirevaltrail.fr\/gardiole\/wp-json\/wp\/v2\/media?parent=25"}],"curies":[{"name":"wp","href":"https:\/\/api.w.org\/{rel}","templated":true}]}}