{"id":350,"date":"2017-10-25T13:30:27","date_gmt":"2017-10-25T11:30:27","guid":{"rendered":"http:\/\/www.mirevaltrail.fr\/gardiole\/?page_id=350"},"modified":"2025-10-29T10:09:31","modified_gmt":"2025-10-29T09:09:31","slug":"reglement","status":"publish","type":"page","link":"http:\/\/www.mirevaltrail.fr\/gardiole\/reglement\/","title":{"rendered":"R\u00e8glement du Trail de Mireval 2026"},"content":{"rendered":"\n<p><strong><em>Mis \u00e0 jour le 29\/10\/2025 \u00a0 \u00a0 \u00a0 \u00a0<a href=\"https:\/\/www.mirevaltrail.fr\/reglement\/Reglement_Trail_Mireval_2026.pdf\">&#8211;>>\u00a0 T\u00e9l\u00e9chargez le fichier r\u00e8glement au format PDF<\/a><\/em><\/strong><\/p>\n\n\n\n<p>Ce r\u00e8glement est susceptible d&rsquo;\u00eatre modifi\u00e9.<\/p>\n","protected":false},"excerpt":{"rendered":"<p>Mis \u00e0 jour le 29\/10\/2025 \u00a0 \u00a0 \u00a0 \u00a0&#8211;>>\u00a0 T\u00e9l\u00e9chargez le fichier r\u00e8glement au format PDF Ce r\u00e8glement est susceptible<\/p>\n","protected":false},"author":1,"featured_media":0,"parent":0,"menu_order":0,"comment_status":"closed","ping_status":"closed","template":"","meta":[],"_links":{"self":[{"href":"http:\/\/www.mirevaltrail.fr\/gardiole\/wp-json\/wp\/v2\/pages\/350"}],"collection":[{"href":"http:\/\/www.mirevaltrail.fr\/gardiole\/wp-json\/wp\/v2\/pages"}],"about":[{"href":"http:\/\/www.mirevaltrail.fr\/gardiole\/wp-json\/wp\/v2\/types\/page"}],"author":[{"embeddable":true,"href":"http:\/\/www.mirevaltrail.fr\/gardiole\/wp-json\/wp\/v2\/users\/1"}],"replies":[{"embeddable":true,"href":"http:\/\/www.mirevaltrail.fr\/gardiole\/wp-json\/wp\/v2\/comments?post=350"}],"version-history":[{"count":36,"href":"http:\/\/www.mirevaltrail.fr\/gardiole\/wp-json\/wp\/v2\/pages\/350\/revisions"}],"predecessor-version":[{"id":2941,"href":"http:\/\/www.mirevaltrail.fr\/gardiole\/wp-json\/wp\/v2\/pages\/350\/revisions\/2941"}],"wp:attachment":[{"href":"http:\/\/www.mirevaltrail.fr\/gardiole\/wp-json\/wp\/v2\/media?parent=350"}],"curies":[{"name":"wp","href":"https:\/\/api.w.org\/{rel}","templated":true}]}}