{"id":663,"date":"2018-12-19T10:23:02","date_gmt":"2018-12-19T09:23:02","guid":{"rendered":"http:\/\/www.mirevaltrail.fr\/gardiole\/?page_id=663"},"modified":"2024-01-17T19:38:27","modified_gmt":"2024-01-17T18:38:27","slug":"partenaires-7","status":"publish","type":"page","link":"http:\/\/www.mirevaltrail.fr\/gardiole\/partenaires-7\/","title":{"rendered":"Partenaires"},"content":{"rendered":"<h6>Vous pouvez consulter le <strong>dossier partenariat 2024<\/strong> : <strong><a href=\"https:\/\/www.mirevaltrail.fr\/Partenariats\/dossier%20partenariat%202024%20version%20light.pdf\">DOSSIER PARTENAIRE<\/a><\/strong><\/h6>\n<table>\n<tbody>\n<tr>\n<td width=\"302\"><a href=\"https:\/\/www.agglopole.fr\/\"><img loading=\"lazy\" class=\"size-medium wp-image-759 aligncenter\" src=\"http:\/\/www.mirevaltrail.fr\/gardiole\/wp-content\/uploads\/2018\/12\/Logo_S\u00e8te_Agglop\u00f4le_M\u00e9diterran\u00e9e-300x244.png\" alt=\"Logo_S\u00e8te_Agglop\u00f4le_M\u00e9diterran\u00e9e\" width=\"300\" height=\"244\" srcset=\"http:\/\/www.mirevaltrail.fr\/gardiole\/wp-content\/uploads\/2018\/12\/Logo_S\u00e8te_Agglop\u00f4le_M\u00e9diterran\u00e9e-300x244.png 300w, http:\/\/www.mirevaltrail.fr\/gardiole\/wp-content\/uploads\/2018\/12\/Logo_S\u00e8te_Agglop\u00f4le_M\u00e9diterran\u00e9e.png 500w\" sizes=\"(max-width: 300px) 100vw, 300px\" \/><\/a><\/td>\n<td width=\"302\"><a href=\"https:\/\/www.ville-mireval.fr\/\"><img loading=\"lazy\" class=\"size-medium wp-image-673 aligncenter\" src=\"http:\/\/www.mirevaltrail.fr\/gardiole\/wp-content\/uploads\/2018\/12\/mireval_logo-300x154.png\" alt=\"mireval_logo\" width=\"300\" height=\"154\" srcset=\"http:\/\/www.mirevaltrail.fr\/gardiole\/wp-content\/uploads\/2018\/12\/mireval_logo-300x154.png 300w, http:\/\/www.mirevaltrail.fr\/gardiole\/wp-content\/uploads\/2018\/12\/mireval_logo.png 650w\" sizes=\"(max-width: 300px) 100vw, 300px\" \/><\/a><\/td>\n<\/tr>\n<tr>\n<td width=\"302\"><img loading=\"lazy\" class=\"size-medium wp-image-755 aligncenter\" src=\"http:\/\/www.mirevaltrail.fr\/gardiole\/wp-content\/uploads\/2018\/12\/530583_352725708111380_1769921421_n-300x300.jpg\" alt=\"530583_352725708111380_1769921421_n\" width=\"300\" height=\"300\" srcset=\"http:\/\/www.mirevaltrail.fr\/gardiole\/wp-content\/uploads\/2018\/12\/530583_352725708111380_1769921421_n-300x300.jpg 300w, http:\/\/www.mirevaltrail.fr\/gardiole\/wp-content\/uploads\/2018\/12\/530583_352725708111380_1769921421_n-150x150.jpg 150w, http:\/\/www.mirevaltrail.fr\/gardiole\/wp-content\/uploads\/2018\/12\/530583_352725708111380_1769921421_n.jpg 700w\" sizes=\"(max-width: 300px) 100vw, 300px\" \/><\/td>\n<td width=\"302\"><a href=\"https:\/\/www.mcdonalds.fr\/restaurants\/mcdonalds-frontignan\/1386\"><img loading=\"lazy\" class=\"size-medium wp-image-756 aligncenter\" src=\"http:\/\/www.mirevaltrail.fr\/gardiole\/wp-content\/uploads\/2018\/12\/36910230_1965373633481967_599191325551624192_n-300x300.png\" alt=\"36910230_1965373633481967_599191325551624192_n\" width=\"300\" height=\"300\" srcset=\"http:\/\/www.mirevaltrail.fr\/gardiole\/wp-content\/uploads\/2018\/12\/36910230_1965373633481967_599191325551624192_n-300x300.png 300w, http:\/\/www.mirevaltrail.fr\/gardiole\/wp-content\/uploads\/2018\/12\/36910230_1965373633481967_599191325551624192_n-150x150.png 150w, http:\/\/www.mirevaltrail.fr\/gardiole\/wp-content\/uploads\/2018\/12\/36910230_1965373633481967_599191325551624192_n-768x768.png 768w, http:\/\/www.mirevaltrail.fr\/gardiole\/wp-content\/uploads\/2018\/12\/36910230_1965373633481967_599191325551624192_n.png 788w\" sizes=\"(max-width: 300px) 100vw, 300px\" \/><\/a><\/td>\n<\/tr>\n<tr>\n<td width=\"302\"><a href=\"https:\/\/www.midietancheite.net\/\"><img loading=\"lazy\" class=\"aligncenter wp-image-668 size-medium\" src=\"http:\/\/www.mirevaltrail.fr\/gardiole\/wp-content\/uploads\/2018\/12\/Logo-MIDI-E\u0301TANCHEITE\u0301-COUVERTURE-page-001-300x105.jpg\" alt=\"Logo MIDI E\u0301TANCHEITE\u0301 COUVERTURE-page-001\" width=\"300\" height=\"105\" srcset=\"http:\/\/www.mirevaltrail.fr\/gardiole\/wp-content\/uploads\/2018\/12\/Logo-MIDI-E\u0301TANCHEITE\u0301-COUVERTURE-page-001-300x105.jpg 300w, http:\/\/www.mirevaltrail.fr\/gardiole\/wp-content\/uploads\/2018\/12\/Logo-MIDI-E\u0301TANCHEITE\u0301-COUVERTURE-page-001-768x269.jpg 768w, http:\/\/www.mirevaltrail.fr\/gardiole\/wp-content\/uploads\/2018\/12\/Logo-MIDI-E\u0301TANCHEITE\u0301-COUVERTURE-page-001.jpg 772w\" sizes=\"(max-width: 300px) 100vw, 300px\" \/><\/a><\/td>\n<td width=\"302\">\n<p style=\"text-align: center;\"><img loading=\"lazy\" class=\"alignnone size-medium wp-image-985\" src=\"http:\/\/www.mirevaltrail.fr\/gardiole\/wp-content\/uploads\/2023\/11\/Intersport-300x300.jpg\" alt=\"\" width=\"300\" height=\"300\" srcset=\"http:\/\/www.mirevaltrail.fr\/gardiole\/wp-content\/uploads\/2023\/11\/Intersport-300x300.jpg 300w, http:\/\/www.mirevaltrail.fr\/gardiole\/wp-content\/uploads\/2023\/11\/Intersport-150x150.jpg 150w, http:\/\/www.mirevaltrail.fr\/gardiole\/wp-content\/uploads\/2023\/11\/Intersport-768x768.jpg 768w, http:\/\/www.mirevaltrail.fr\/gardiole\/wp-content\/uploads\/2023\/11\/Intersport.jpg 800w\" sizes=\"(max-width: 300px) 100vw, 300px\" \/><\/p>\n<\/td>\n<\/tr>\n<tr>\n<td width=\"302\"><a href=\"https:\/\/mgaathle.sportsregions.fr\/\"><img loading=\"lazy\" class=\"size-medium wp-image-674 aligncenter\" src=\"http:\/\/www.mirevaltrail.fr\/gardiole\/wp-content\/uploads\/2018\/12\/logo_athletisme-300x200.jpg\" alt=\"logo_athletisme\" width=\"300\" height=\"200\" srcset=\"http:\/\/www.mirevaltrail.fr\/gardiole\/wp-content\/uploads\/2018\/12\/logo_athletisme-300x200.jpg 300w, http:\/\/www.mirevaltrail.fr\/gardiole\/wp-content\/uploads\/2018\/12\/logo_athletisme-768x512.jpg 768w, http:\/\/www.mirevaltrail.fr\/gardiole\/wp-content\/uploads\/2018\/12\/logo_athletisme-1024x682.jpg 1024w, http:\/\/www.mirevaltrail.fr\/gardiole\/wp-content\/uploads\/2018\/12\/logo_athletisme.jpg 1772w\" sizes=\"(max-width: 300px) 100vw, 300px\" \/><\/a><\/td>\n<td style=\"text-align: center;\" width=\"302\"><img loading=\"lazy\" class=\"alignnone size-medium wp-image-1019\" src=\"http:\/\/www.mirevaltrail.fr\/gardiole\/wp-content\/uploads\/2024\/01\/RFM-LOGO-276x300.png\" alt=\"\" width=\"276\" height=\"300\" srcset=\"http:\/\/www.mirevaltrail.fr\/gardiole\/wp-content\/uploads\/2024\/01\/RFM-LOGO-276x300.png 276w, http:\/\/www.mirevaltrail.fr\/gardiole\/wp-content\/uploads\/2024\/01\/RFM-LOGO-943x1024.png 943w, http:\/\/www.mirevaltrail.fr\/gardiole\/wp-content\/uploads\/2024\/01\/RFM-LOGO-768x834.png 768w, http:\/\/www.mirevaltrail.fr\/gardiole\/wp-content\/uploads\/2024\/01\/RFM-LOGO.png 961w\" sizes=\"(max-width: 276px) 100vw, 276px\" \/><\/td>\n<\/tr>\n<\/tbody>\n<\/table>\n","protected":false},"excerpt":{"rendered":"<p>Vous pouvez consulter le dossier partenariat 2024 : DOSSIER PARTENAIRE<\/p>\n","protected":false},"author":1,"featured_media":0,"parent":0,"menu_order":0,"comment_status":"closed","ping_status":"closed","template":"","meta":[],"_links":{"self":[{"href":"http:\/\/www.mirevaltrail.fr\/gardiole\/wp-json\/wp\/v2\/pages\/663"}],"collection":[{"href":"http:\/\/www.mirevaltrail.fr\/gardiole\/wp-json\/wp\/v2\/pages"}],"about":[{"href":"http:\/\/www.mirevaltrail.fr\/gardiole\/wp-json\/wp\/v2\/types\/page"}],"author":[{"embeddable":true,"href":"http:\/\/www.mirevaltrail.fr\/gardiole\/wp-json\/wp\/v2\/users\/1"}],"replies":[{"embeddable":true,"href":"http:\/\/www.mirevaltrail.fr\/gardiole\/wp-json\/wp\/v2\/comments?post=663"}],"version-history":[{"count":30,"href":"http:\/\/www.mirevaltrail.fr\/gardiole\/wp-json\/wp\/v2\/pages\/663\/revisions"}],"predecessor-version":[{"id":1022,"href":"http:\/\/www.mirevaltrail.fr\/gardiole\/wp-json\/wp\/v2\/pages\/663\/revisions\/1022"}],"wp:attachment":[{"href":"http:\/\/www.mirevaltrail.fr\/gardiole\/wp-json\/wp\/v2\/media?parent=663"}],"curies":[{"name":"wp","href":"https:\/\/api.w.org\/{rel}","templated":true}]}}