{"id":741,"date":"2019-12-09T18:26:31","date_gmt":"2019-12-09T17:26:31","guid":{"rendered":"http:\/\/www.mirevaltrail.fr\/gardiole\/?page_id=741"},"modified":"2023-01-22T11:27:48","modified_gmt":"2023-01-22T10:27:48","slug":"interview","status":"publish","type":"page","link":"http:\/\/www.mirevaltrail.fr\/gardiole\/interview\/","title":{"rendered":"Interview"},"content":{"rendered":"<p style=\"text-align: center;\"><em>Nous leur donnons la parole, nous d\u00e9cidons de les mettre en avant. Les b\u00e9n\u00e9voles !\u00a0<\/em><br \/>\n<em>Ici vous retrouverez des interviews de b\u00e9n\u00e9voles des ann\u00e9es pr\u00e9c\u00e9dentes, n&rsquo;h\u00e9sitez pas \u00e0 les lire, cela peut \u00eatre sympa et motivant\u00a0<span class=\"_5mfr\"><span class=\"_6qdm\"><br \/>\n<\/span><\/span>Ils travaillent dans l&rsquo;ombre b\u00e9n\u00e9volement et beaucoup ne se rendent pas compte \u00e0 quel point leur implication est importante. Nous avons besoin d&rsquo;eux et vous avez besoin d&rsquo;eux avant, pendant et apr\u00e8s l&rsquo;\u00e9v\u00e9nement !\u00a0<span class=\"_5mfr\"><span class=\"_6qdm\"><br \/>\n<\/span><\/span>Nous avons interrog\u00e9 plusieurs b\u00e9n\u00e9voles pr\u00e9sents sur la pr\u00e9c\u00e9dente \u00e9dition ou bien m\u00eame sur celles d&rsquo;avant :\u00a0<\/em><\/p>\n<div class=\"text_exposed_show\">\n<p><span style=\"text-decoration: underline;\"><em><strong>Voici Guy :\u00a0<\/strong><\/em><\/span><\/p>\n<p><span style=\"text-decoration: underline;\"><em>&#8211; Alors pour commencer, peux tu te pr\u00e9senter ?<\/em><\/span><br \/>\n<strong>GUY :<\/strong> Habitant Mireval depuis 38 ans . Retrait\u00e9 depuis 15ans. Ex \u00e9lu ,ex pompier volontaire, ex pr\u00e9sident de l&rsquo;ASM (Association de Football de Mireval) j&rsquo;ai toujours voulu apporter mon aide aux autres, notamment dans mon village d&rsquo;adoption.<\/p>\n<p><span style=\"text-decoration: underline;\"><em>&#8211; Comment as tu int\u00e9gr\u00e9 l&rsquo;aventure du Trail de Mireval ?<\/em><\/span><br \/>\n<strong>GUY :<\/strong> J&rsquo;ai int\u00e9gr\u00e9 l&rsquo;\u00e9quipe du Trail en rencontrant St\u00e9phanie et Daniel Camillieri lors de la premi\u00e8re \u00e9dition ; et ensuite ce fut Christine Carla, Delphine, Richard ,Jean Michel et tous les autres.ensuite tout s&rsquo;est fait naturellement depuis je suis rest\u00e9 fid\u00e8le.<\/p>\n<p><span style=\"text-decoration: underline;\"><em>&#8211; Quel a \u00e9t\u00e9 ton r\u00f4le durant l&rsquo;\u00e9v\u00e9nement ?<\/em><\/span><br \/>\n<strong>GUY :<\/strong> Mon R\u00f4le ! je dirais notre r\u00f4le car avec mon complice Jean Luc nous assurons en partie la s\u00e9curit\u00e9 des participant(es) sur le parcours notamment la travers\u00e9e de La route de la \u00ab\u00a0Tortue\u00a0\u00bb.<\/p>\n<p><em><span style=\"text-decoration: underline;\">&#8211; Qu&rsquo;est ce qui t&rsquo;a motiv\u00e9 \u00e0 devenir b\u00e9n\u00e9vole ?<\/span><\/em><br \/>\n<strong>GUY :<\/strong> Le manque criant de b\u00e9n\u00e9voles et le souhait de la r\u00e9ussite de ce \u00ab\u00a0Trail\u00a0\u00bb qui fait la r\u00e9putation de notre village et aider le club du MGA et ses dirigeants.<\/p>\n<p><span style=\"text-decoration: underline;\"><em>&#8211; Quel est ton ressenti ?<\/em><\/span><br \/>\n<strong>GUY :<\/strong> Mon ressenti est que je ne me suis pas tromp\u00e9, et puis si l&rsquo;on veut que cela perdure il faut montrer aux participants qu&rsquo;ils sont bien re\u00e7us.<\/p>\n<p><em><span style=\"text-decoration: underline;\">&#8211; As-tu un souvenir\/anecdote \u00e0 nous raconter ?<\/span><\/em><br \/>\n<strong>GUY :<\/strong> J&rsquo;en ai retenu deux:<br \/>\n1) Dans la descente de la tortue un automobiliste impatient n&rsquo;as pas voulu attendre 10 mins il a forc\u00e9 le passage et s&rsquo;est fait arr\u00eater par les gendarmes qu&rsquo;il n&rsquo;avait pas vu et il est rest\u00e9 45 mins \u00e0 \u00eatre contr\u00f4l\u00e9 .<br \/>\n2) il y a deux ans au moment de partir se mettre en position : il manquait les panneaux obligatoires \u00ab\u00a0branle bas de combat \u00ab\u00a0(n&rsquo;\u00e9tant pas un d\u00e9lateur je ne dirais pas qui les avait oubli\u00e9\u00a0) (J&rsquo;avoue que c&rsquo;est moi : Oph\u00e9lie\u00a0)<\/p>\n<p><span style=\"text-decoration: underline;\"><em>&#8211; As-tu un conseil \u00e0 donner \u00e0 ceux qui h\u00e9sitent ou qui ont peur de se lancer ?<\/em><\/span><br \/>\n<strong>GUY :<\/strong> Je veux juste les rassurer !! On ne les obligera \u00e0 courir. L&rsquo;ambiance est super sympa et puis c&rsquo;est aussi montrer notre respect et adresser une forme de remerciement aux organisateurs qui travaille pour le village et il y a tellement de boulot \u00e0 faire que l&rsquo;on n&rsquo;est jamais de trop .<\/p>\n<\/div>\n<hr \/>\n<p><span style=\"text-decoration: underline;\"><em><strong>Voici Alain :\u00a0<\/strong><\/em><\/span><\/p>\n<p><span style=\"text-decoration: underline;\"><em>&#8211; Alors pour commencer, peux tu te pr\u00e9senter ?<\/em><\/span><br \/>\n<strong>ALAIN:<\/strong> Alain MARTIN, 60 ans, professeur d&rsquo;E.P.S.<\/p>\n<p><span style=\"text-decoration: underline;\"><em>&#8211; Comment as tu int\u00e9gr\u00e9 l&rsquo;aventure du Trail de Mireval ?<\/em><\/span><br \/>\n<strong>ALAIN:<\/strong> Par l&rsquo;interm\u00e9diaire d&rsquo;amis de Mireval.<\/p>\n<p><span style=\"text-decoration: underline;\"><em>&#8211; Quel a \u00e9t\u00e9 ton r\u00f4le durant l&rsquo;\u00e9v\u00e9nement ?<\/em><\/span><br \/>\n<strong>ALAIN:<\/strong> Pour nos 3 premi\u00e8res participations, nous \u00e9tions, avec ma compagne, contr\u00f4leurs sur le parcours. L&rsquo;ann\u00e9e derni\u00e8re, compte-tenu de mon \u00e9tat de sant\u00e9, j&rsquo;avais demand\u00e9 s&rsquo;il \u00e9tait possible de ne pas \u00eatre trop \u00e9loign\u00e9s du d\u00e9part. Nous avons donc \u00e9t\u00e9 \u00ab\u00a0affect\u00e9s\u00a0\u00bb tr\u00e8s gentiment au 1er virage apr\u00e8s le d\u00e9part, au niveau de la cave Rabelais. Ce qui nous a permis, entre chaque d\u00e9part de course, de donner un coup de main aux responsables du barbecue (ce qui, \u00e0 priori, n&rsquo;a pas \u00e9t\u00e9 superflu) avec un tr\u00e8s grand plaisir.<\/p>\n<p><span style=\"text-decoration: underline;\"><em>&#8211; Qu&rsquo;est ce qui t&rsquo;a motiv\u00e9 \u00e0 devenir b\u00e9n\u00e9vole ?<\/em><\/span><br \/>\n<strong>ALAIN :<\/strong> Depuis des d\u00e9cennies, et surtout depuis que je suis parent, j&rsquo;ai toujours \u00e9t\u00e9 b\u00e9n\u00e9vole. Alors, lorsque mon ami, au cours d&rsquo;une conversation, nous a parl\u00e9 du Trail de Mireval et du besoin de b\u00e9n\u00e9voles, c&rsquo;est tout naturellement que nous avons propos\u00e9 nos candidatures.<\/p>\n<p><span style=\"text-decoration: underline;\"><em>&#8211; Quel est ton ressenti ?<\/em><\/span><br \/>\n<strong>ALAIN :<\/strong> Mon ressenti est que cette manifestation sportive prend de plus en plus d&rsquo;importance, en Occitanie, dans le calendrier de ce type de courses. L&rsquo;ambiance y est exceptionnelle, la qualit\u00e9 de l&rsquo;organisation est remarquable, surtout quand on conna\u00eet le nombre incalculable de contraintes auxquelles il faut faire face. La personne responsable de la gestion des b\u00e9n\u00e9voles est vraiment aux petits soins avec nous. C&rsquo;est un \u00e9norme plaisir et un tr\u00e8s grand honneur que de pouvoir continuer \u00e0 apporter notre modeste contribution \u00e0 cette journ\u00e9e. En outre, cela nous permet de c\u00f4toyer et de conna\u00eetre de nouvelles personnes, de nouveaux couples de Mireval et de ses environs proches.<br \/>\nC&rsquo;est un moyen d&rsquo;int\u00e9gration dans notre village d&rsquo;adoption qui est loin d&rsquo;\u00eatre n\u00e9gligeable (surtout \u00e0 nos \u00e2ges, o\u00f9 ce n&rsquo;est plus \u00e0 la sortie de l&rsquo;\u00e9cole qu&rsquo;on peut le faire !!!).<\/p>\n<p><span style=\"text-decoration: underline;\"><em>&#8211; As-tu un conseil \u00e0 donner \u00e0 ceux qui h\u00e9sitent ou qui ont peur de se lancer ?<\/em><\/span><strong>\u00a0:<\/strong><\/p>\n<p><strong>ALAIN : <\/strong>Un conseil \u00e0 donner \u00e0 ceux qui h\u00e9sitent ou ont peur ?<br \/>\nAlors, si je peux me permettre, juste un seul petit conseil:<br \/>\nFONCEZ !!!<br \/>\nC&rsquo;est une aventure humaine et sportive exceptionnelle.<br \/>\nUn inconv\u00e9nient ? Certes, mais un seul&#8230;..<br \/>\nVous ne pourrez pas, ce jour-l\u00e0, assister \u00e0 l&rsquo;office dominical.<br \/>\nSinon que des avantages!!!<\/p>\n<p>Voil\u00e0, j&rsquo;ai fini, d\u00e9sol\u00e9 d&rsquo;avoir un peu abus\u00e9 du pouvoir qu&rsquo;il nous \u00e9tait donn\u00e9 de nous exprimer.<br \/>\nMais cette journ\u00e9e est tellement extraordinaire qu&rsquo;elle valait bien qu&rsquo;on s&rsquo;attarde un peu dessus.<\/p>\n<h5 class=\"text_exposed_show\" style=\"text-align: center;\"><strong><em>Merci \u00e0 Guy et Alain pour leur implication annuelle pour l&rsquo;organisation du Trail mais aussi pour avoir pris le temps de r\u00e9pondre \u00e0 nos questions\u00a0<\/em><\/strong><\/h5>\n","protected":false},"excerpt":{"rendered":"<p>Nous leur donnons la parole, nous d\u00e9cidons de les mettre en avant. Les b\u00e9n\u00e9voles !\u00a0 Ici vous retrouverez des interviews<\/p>\n","protected":false},"author":1,"featured_media":0,"parent":0,"menu_order":0,"comment_status":"closed","ping_status":"closed","template":"","meta":[],"_links":{"self":[{"href":"http:\/\/www.mirevaltrail.fr\/gardiole\/wp-json\/wp\/v2\/pages\/741"}],"collection":[{"href":"http:\/\/www.mirevaltrail.fr\/gardiole\/wp-json\/wp\/v2\/pages"}],"about":[{"href":"http:\/\/www.mirevaltrail.fr\/gardiole\/wp-json\/wp\/v2\/types\/page"}],"author":[{"embeddable":true,"href":"http:\/\/www.mirevaltrail.fr\/gardiole\/wp-json\/wp\/v2\/users\/1"}],"replies":[{"embeddable":true,"href":"http:\/\/www.mirevaltrail.fr\/gardiole\/wp-json\/wp\/v2\/comments?post=741"}],"version-history":[{"count":4,"href":"http:\/\/www.mirevaltrail.fr\/gardiole\/wp-json\/wp\/v2\/pages\/741\/revisions"}],"predecessor-version":[{"id":915,"href":"http:\/\/www.mirevaltrail.fr\/gardiole\/wp-json\/wp\/v2\/pages\/741\/revisions\/915"}],"wp:attachment":[{"href":"http:\/\/www.mirevaltrail.fr\/gardiole\/wp-json\/wp\/v2\/media?parent=741"}],"curies":[{"name":"wp","href":"https:\/\/api.w.org\/{rel}","templated":true}]}}