{"id":789,"date":"2021-02-06T09:14:54","date_gmt":"2021-02-06T08:14:54","guid":{"rendered":"http:\/\/www.mirevaltrail.fr\/gardiole\/?page_id=789"},"modified":"2026-02-01T18:00:12","modified_gmt":"2026-02-01T17:00:12","slug":"resultats","status":"publish","type":"page","link":"http:\/\/www.mirevaltrail.fr\/gardiole\/resultats\/","title":{"rendered":"R\u00e9sultats"},"content":{"rendered":"<p>Les r\u00e9sultats de l&rsquo;\u00e9preuve :\u00a0<strong>TRAIL MIREVAL<\/strong> du 02\/02\/2025 sont en ligne !<\/p>\n<p><u>28 km &#8211; La Grande Travers\u00e9e<\/u><\/p>\n<p>Vainqueur : QUENTIN SAUVADON &#8211; 02:05<br \/>\n<a href=\"https:\/\/ats-sport.com\/resultats_epreuve.php?epreuve=8859&amp;parcours=23240&amp;course=trail-mireval\">voir tout<\/a><\/p>\n<p><u>8 km &#8211; La Mirevalaise<\/u><\/p>\n<p>Vainqueur : GEOFFROY LEVIVIER &#8211; 00:28:32<br \/>\n<a href=\"https:\/\/ats-sport.com\/resultats_epreuve.php?epreuve=8859&amp;parcours=23242&amp;course=trail-mireval\">voir tout<\/a><\/p>\n<p><u>17 km &#8211; La Gardiole<\/u><\/p>\n<p>Vainqueur : ADRIEN CHOUCHOU &#8211; 01:17<br \/>\n<a href=\"https:\/\/ats-sport.com\/resultats_epreuve.php?epreuve=8859&amp;parcours=23241&amp;course=trail-mireval\">voir tout<\/a><\/p>\n","protected":false},"excerpt":{"rendered":"<p>Les r\u00e9sultats de l&rsquo;\u00e9preuve :\u00a0TRAIL MIREVAL du 02\/02\/2025 sont en ligne ! 28 km &#8211; La Grande Travers\u00e9e Vainqueur :<\/p>\n","protected":false},"author":1,"featured_media":0,"parent":0,"menu_order":0,"comment_status":"closed","ping_status":"closed","template":"","meta":[],"_links":{"self":[{"href":"http:\/\/www.mirevaltrail.fr\/gardiole\/wp-json\/wp\/v2\/pages\/789"}],"collection":[{"href":"http:\/\/www.mirevaltrail.fr\/gardiole\/wp-json\/wp\/v2\/pages"}],"about":[{"href":"http:\/\/www.mirevaltrail.fr\/gardiole\/wp-json\/wp\/v2\/types\/page"}],"author":[{"embeddable":true,"href":"http:\/\/www.mirevaltrail.fr\/gardiole\/wp-json\/wp\/v2\/users\/1"}],"replies":[{"embeddable":true,"href":"http:\/\/www.mirevaltrail.fr\/gardiole\/wp-json\/wp\/v2\/comments?post=789"}],"version-history":[{"count":17,"href":"http:\/\/www.mirevaltrail.fr\/gardiole\/wp-json\/wp\/v2\/pages\/789\/revisions"}],"predecessor-version":[{"id":2971,"href":"http:\/\/www.mirevaltrail.fr\/gardiole\/wp-json\/wp\/v2\/pages\/789\/revisions\/2971"}],"wp:attachment":[{"href":"http:\/\/www.mirevaltrail.fr\/gardiole\/wp-json\/wp\/v2\/media?parent=789"}],"curies":[{"name":"wp","href":"https:\/\/api.w.org\/{rel}","templated":true}]}}